{"id":145510,"date":"2025-09-30T02:08:19","date_gmt":"2025-09-30T02:08:19","guid":{"rendered":"https:\/\/www.inddise.com\/inddise\/?page_id=145510"},"modified":"2025-11-02T01:06:53","modified_gmt":"2025-11-02T01:06:53","slug":"quienes-somos","status":"publish","type":"page","link":"https:\/\/www.inddise.com\/inddise\/index.php\/quienes-somos\/","title":{"rendered":"Qui\u00e9nes somos"},"content":{"rendered":"<p>[vc_row row_height_percent=&#8221;0&#8243; override_padding=&#8221;yes&#8221; h_padding=&#8221;2&#8243; top_padding=&#8221;4&#8243; bottom_padding=&#8221;4&#8243; back_color=&#8221;color-xsdn&#8221; overlay_alpha=&#8221;50&#8243; gutter_size=&#8221;3&#8243; column_width_percent=&#8221;100&#8243; shift_y=&#8221;0&#8243; z_index=&#8221;0&#8243; content_parallax=&#8221;0&#8243; uncode_shortcode_id=&#8221;449917&#8243; back_color_type=&#8221;uncode-palette&#8221;][vc_column width=&#8221;1\/1&#8243;][vc_custom_heading heading_semantic=&#8221;h1&#8243; text_size=&#8221;fontsize-338686&#8243; text_weight=&#8221;300&#8243; uncode_shortcode_id=&#8221;195256&#8243;]Qui\u00e9nes somos[\/vc_custom_heading][vc_custom_heading text_color=&#8221;color-wvjs&#8221; text_size=&#8221;h3&#8243; text_weight=&#8221;300&#8243; text_height=&#8221;fontheight-357766&#8243; uncode_shortcode_id=&#8221;995723&#8243; text_color_type=&#8221;uncode-palette&#8221;]Somos una empresa que est\u00e1 cumpliendo m\u00e1s de medio siglo, desde nuestros inicios en julio de 1975 con tradici\u00f3n familiar.<\/p>\n<p>En <strong>INDDISE<\/strong> empezamos a fabricar colchones de espuma de poliuretano y hoy en d\u00eda nuestro giro es amplio.[\/vc_custom_heading][vc_custom_heading text_size=&#8221;fontsize-155944&#8243; text_weight=&#8221;300&#8243; uncode_shortcode_id=&#8221;186882&#8243;]Nuestro principal \u00e1rea: el mercado de Hospitalidad.[\/vc_custom_heading][vc_custom_heading text_color=&#8221;color-wvjs&#8221; text_size=&#8221;h3&#8243; text_weight=&#8221;300&#8243; text_height=&#8221;fontheight-357766&#8243; uncode_shortcode_id=&#8221;119997&#8243; text_color_type=&#8221;uncode-palette&#8221;]Elaboramos muebles tapizados, como: salas, sillones para bar, sof\u00e1s cama, siller\u00eda, muebles en madera tanto para interior y exterior como rec\u00e1maras, sillas, mesas, armarios, camastros, puertas, cocinas.[\/vc_custom_heading][vc_custom_heading text_size=&#8221;fontsize-155944&#8243; text_weight=&#8221;300&#8243; uncode_shortcode_id=&#8221;187000&#8243;]Trabajamos con variedades de materiales.[\/vc_custom_heading][vc_custom_heading text_color=&#8221;color-wvjs&#8221; text_size=&#8221;h3&#8243; text_weight=&#8221;300&#8243; text_height=&#8221;fontheight-357766&#8243; uncode_shortcode_id=&#8221;666969&#8243; text_color_type=&#8221;uncode-palette&#8221;]Maderas, tableros de madera s\u00f3lida con chapa natural, telas, piel, vinyl, tejidos naturales y sint\u00e9ticos, metal, acero inoxidable, aluminio, m\u00e1rmoles, superficies s\u00f3lidas, corian, laminados pl\u00e1sticos, post formados, etc.[\/vc_custom_heading][\/vc_column][\/vc_row][vc_row row_height_percent=&#8221;34&#8243; override_padding=&#8221;yes&#8221; h_padding=&#8221;2&#8243; top_padding=&#8221;2&#8243; bottom_padding=&#8221;2&#8243; back_color=&#8221;color-wayh&#8221; back_image=&#8221;145524&#8243; back_position=&#8221;center center&#8221; parallax=&#8221;yes&#8221; kburns=&#8221;magnetic&#8221; overlay_color=&#8221;color-wayh&#8221; overlay_alpha=&#8221;15&#8243; gutter_size=&#8221;3&#8243; column_width_percent=&#8221;100&#8243; shift_y=&#8221;0&#8243; z_index=&#8221;0&#8243; content_parallax=&#8221;0&#8243; uncode_shortcode_id=&#8221;170435&#8243; back_color_type=&#8221;uncode-palette&#8221; overlay_color_type=&#8221;uncode-palette&#8221;][vc_column column_width_percent=&#8221;100&#8243; position_vertical=&#8221;middle&#8221; align_horizontal=&#8221;align_center&#8221; gutter_size=&#8221;3&#8243; style=&#8221;dark&#8221; overlay_alpha=&#8221;50&#8243; shift_x=&#8221;0&#8243; shift_y=&#8221;0&#8243; shift_y_down=&#8221;0&#8243; z_index=&#8221;0&#8243; medium_width=&#8221;0&#8243; mobile_width=&#8221;0&#8243; width=&#8221;1\/1&#8243; uncode_shortcode_id=&#8221;202914&#8243; mobile_height=&#8221;380&#8243;][\/vc_column][\/vc_row][vc_row row_height_percent=&#8221;0&#8243; override_padding=&#8221;yes&#8221; h_padding=&#8221;2&#8243; top_padding=&#8221;5&#8243; bottom_padding=&#8221;0&#8243; back_color=&#8221;color-147748&#8243; overlay_alpha=&#8221;50&#8243; gutter_size=&#8221;3&#8243; column_width_percent=&#8221;100&#8243; shift_y=&#8221;0&#8243; z_index=&#8221;0&#8243; content_parallax=&#8221;0&#8243; uncode_shortcode_id=&#8221;163850&#8243; back_color_type=&#8221;uncode-palette&#8221;][vc_column column_width_percent=&#8221;100&#8243; gutter_size=&#8221;4&#8243; overlay_alpha=&#8221;50&#8243; shift_x=&#8221;0&#8243; shift_y=&#8221;0&#8243; shift_y_down=&#8221;0&#8243; z_index=&#8221;0&#8243; medium_width=&#8221;0&#8243; mobile_width=&#8221;0&#8243; width=&#8221;1\/1&#8243; uncode_shortcode_id=&#8221;379622&#8243;][vc_row_inner row_inner_height_percent=&#8221;0&#8243; overlay_alpha=&#8221;50&#8243; gutter_size=&#8221;4&#8243; shift_y=&#8221;0&#8243; z_index=&#8221;0&#8243; limit_content=&#8221;&#8221;][vc_column_inner column_width_percent=&#8221;100&#8243; gutter_size=&#8221;3&#8243; style=&#8221;dark&#8221; overlay_alpha=&#8221;50&#8243; shift_x=&#8221;0&#8243; shift_y=&#8221;0&#8243; shift_y_down=&#8221;0&#8243; z_index=&#8221;0&#8243; medium_width=&#8221;0&#8243; mobile_width=&#8221;0&#8243; width=&#8221;4\/12&#8243;][vc_custom_heading heading_semantic=&#8221;h6&#8243; text_size=&#8221;h3&#8243; text_transform=&#8221;capitalize&#8221; text_space=&#8221;fontspace-210350&#8243; uncode_shortcode_id=&#8221;142898&#8243;]Nuestro CEO[\/vc_custom_heading][vc_single_image media=&#8221;145568&#8243; media_width_percent=&#8221;70&#8243; alignment=&#8221;center&#8221; uncode_shortcode_id=&#8221;630883&#8243;][\/vc_column_inner][vc_column_inner column_width_percent=&#8221;100&#8243; gutter_size=&#8221;2&#8243; style=&#8221;dark&#8221; overlay_alpha=&#8221;50&#8243; shift_x=&#8221;0&#8243; shift_y=&#8221;0&#8243; shift_y_down=&#8221;0&#8243; z_index=&#8221;0&#8243; medium_width=&#8221;0&#8243; mobile_width=&#8221;0&#8243; width=&#8221;8\/12&#8243;][vc_empty_space empty_h=&#8221;2&#8243;][vc_custom_heading text_size=&#8221;h3&#8243; text_weight=&#8221;500&#8243; uncode_shortcode_id=&#8221;485435&#8243;]<strong>Ing. Luis Isa\u00edas Salazar Ram\u00edrez<\/strong>[\/vc_custom_heading][vc_custom_heading heading_semantic=&#8221;h4&#8243; text_size=&#8221;h4&#8243; text_weight=&#8221;500&#8243; uncode_shortcode_id=&#8221;140076&#8243;]Egresado de la carrera de Ingenier\u00eda Industrial por la Universidad Aut\u00f3noma de Guadalajara.[\/vc_custom_heading][vc_custom_heading heading_semantic=&#8221;h4&#8243; text_size=&#8221;h4&#8243; text_weight=&#8221;500&#8243; uncode_shortcode_id=&#8221;197745&#8243;]Ha formado parte de diversas asociaciones y grupos empresariales, fue presidente en 1987 de la Asociaci\u00f3n de Fabricantes de Muebles de Jalisco (AFAMJAL); es socio fundador de la <strong>C\u00e1mara de la Industria Mueblera del Estado de Jalisco (CIMEJAL)<\/strong>, nombrado empresario mueblero en 1990 y presidente de la C\u00e1mara Regional de la Industria de Transformaci\u00f3n, (CAREINTRA) en 1990, en donde forma parte del Consejo Consultivo en la actualidad.[\/vc_custom_heading][vc_custom_heading heading_semantic=&#8221;h4&#8243; text_size=&#8221;h4&#8243; text_weight=&#8221;500&#8243; uncode_shortcode_id=&#8221;112930&#8243;]Ha sido parte esencial de la historia de Expo Guadalajara, como miembro de la primera comisi\u00f3n ejecutiva en 1985 en la creaci\u00f3n de los estatutos; como socio fundador del recinto al participar en la inauguraci\u00f3n del mismo en 1987; entre el 2012 y el 2015 form\u00f3 parte de dos comisiones ejecutivas del \u00e1rea de Gastronom\u00eda y <strong>presidente del Comit\u00e9 T\u00e9cnico de Expo Guadalajara<\/strong> para el periodo 2023 \u2013 2025.[\/vc_custom_heading][\/vc_column_inner][\/vc_row_inner][\/vc_column][\/vc_row][vc_row row_height_percent=&#8221;0&#8243; override_padding=&#8221;yes&#8221; h_padding=&#8221;2&#8243; top_padding=&#8221;5&#8243; bottom_padding=&#8221;0&#8243; back_color=&#8221;color-147748&#8243; overlay_alpha=&#8221;50&#8243; gutter_size=&#8221;3&#8243; column_width_percent=&#8221;100&#8243; shift_y=&#8221;0&#8243; z_index=&#8221;0&#8243; content_parallax=&#8221;0&#8243; uncode_shortcode_id=&#8221;163850&#8243; back_color_type=&#8221;uncode-palette&#8221;][vc_column column_width_percent=&#8221;100&#8243; gutter_size=&#8221;4&#8243; overlay_alpha=&#8221;50&#8243; shift_x=&#8221;0&#8243; shift_y=&#8221;0&#8243; shift_y_down=&#8221;0&#8243; z_index=&#8221;0&#8243; medium_width=&#8221;0&#8243; mobile_width=&#8221;0&#8243; width=&#8221;1\/1&#8243; uncode_shortcode_id=&#8221;379622&#8243;][vc_row_inner row_inner_height_percent=&#8221;0&#8243; overlay_alpha=&#8221;50&#8243; gutter_size=&#8221;4&#8243; shift_y=&#8221;0&#8243; z_index=&#8221;0&#8243; limit_content=&#8221;&#8221;][vc_column_inner column_width_percent=&#8221;100&#8243; gutter_size=&#8221;3&#8243; style=&#8221;dark&#8221; overlay_alpha=&#8221;50&#8243; shift_x=&#8221;0&#8243; shift_y=&#8221;0&#8243; shift_y_down=&#8221;0&#8243; z_index=&#8221;0&#8243; medium_width=&#8221;0&#8243; mobile_width=&#8221;0&#8243; width=&#8221;4\/12&#8243;][vc_custom_heading heading_semantic=&#8221;h6&#8243; text_size=&#8221;h3&#8243; text_transform=&#8221;capitalize&#8221; text_space=&#8221;fontspace-210350&#8243; uncode_shortcode_id=&#8221;638519&#8243;]Nuestra planta[\/vc_custom_heading][\/vc_column_inner][vc_column_inner column_width_percent=&#8221;100&#8243; gutter_size=&#8221;2&#8243; style=&#8221;dark&#8221; overlay_alpha=&#8221;50&#8243; shift_x=&#8221;0&#8243; shift_y=&#8221;0&#8243; shift_y_down=&#8221;0&#8243; z_index=&#8221;0&#8243; medium_width=&#8221;0&#8243; mobile_width=&#8221;0&#8243; width=&#8221;8\/12&#8243;][vc_custom_heading heading_semantic=&#8221;h4&#8243; text_size=&#8221;h4&#8243; text_weight=&#8221;500&#8243; uncode_shortcode_id=&#8221;820827&#8243;]Esta instalada en una nave industrial propia de m\u00e1s de 4,000 mts cuadrados, contamos con la maquinaria y equipo necesario, pero lo m\u00e1s importante es nuestro personal que junto con la experiencia adquirida, hemos logrado una inigualable versatilidad y una valiosa responsabilidad de reputaci\u00f3n de buena calidad, servicio puntual y eficiente.[\/vc_custom_heading][\/vc_column_inner][\/vc_row_inner][\/vc_column][\/vc_row][vc_row row_height_percent=&#8221;0&#8243; override_padding=&#8221;yes&#8221; h_padding=&#8221;2&#8243; top_padding=&#8221;5&#8243; bottom_padding=&#8221;3&#8243; back_color=&#8221;color-147748&#8243; overlay_alpha=&#8221;50&#8243; gutter_size=&#8221;3&#8243; column_width_percent=&#8221;100&#8243; shift_y=&#8221;0&#8243; z_index=&#8221;0&#8243; content_parallax=&#8221;0&#8243; uncode_shortcode_id=&#8221;159738&#8243; back_color_type=&#8221;uncode-palette&#8221;][vc_column column_width_percent=&#8221;100&#8243; gutter_size=&#8221;4&#8243; overlay_alpha=&#8221;50&#8243; shift_x=&#8221;0&#8243; shift_y=&#8221;0&#8243; shift_y_down=&#8221;0&#8243; z_index=&#8221;0&#8243; medium_width=&#8221;0&#8243; mobile_width=&#8221;0&#8243; width=&#8221;1\/1&#8243;][vc_row_inner row_inner_height_percent=&#8221;0&#8243; overlay_alpha=&#8221;50&#8243; gutter_size=&#8221;4&#8243; shift_y=&#8221;0&#8243; z_index=&#8221;0&#8243; limit_content=&#8221;&#8221;][vc_column_inner column_width_percent=&#8221;100&#8243; gutter_size=&#8221;3&#8243; style=&#8221;dark&#8221; overlay_alpha=&#8221;50&#8243; shift_x=&#8221;0&#8243; shift_y=&#8221;0&#8243; shift_y_down=&#8221;0&#8243; z_index=&#8221;0&#8243; medium_width=&#8221;0&#8243; mobile_width=&#8221;0&#8243; width=&#8221;4\/12&#8243;][vc_custom_heading heading_semantic=&#8221;h6&#8243; text_size=&#8221;h3&#8243; text_transform=&#8221;capitalize&#8221; text_space=&#8221;fontspace-210350&#8243; uncode_shortcode_id=&#8221;168062&#8243;]Nuestros clientes[\/vc_custom_heading][\/vc_column_inner][vc_column_inner column_width_percent=&#8221;100&#8243; gutter_size=&#8221;2&#8243; style=&#8221;dark&#8221; overlay_alpha=&#8221;50&#8243; shift_x=&#8221;0&#8243; shift_y=&#8221;0&#8243; shift_y_down=&#8221;0&#8243; z_index=&#8221;0&#8243; medium_width=&#8221;0&#8243; mobile_width=&#8221;0&#8243; width=&#8221;8\/12&#8243;][vc_custom_heading heading_semantic=&#8221;h4&#8243; text_size=&#8221;h4&#8243; text_weight=&#8221;500&#8243; uncode_shortcode_id=&#8221;381046&#8243;]Hemos tenido el gusto de ser proveedores en el sector del hogar de Palacio de Hierro, SAMS, F\u00e1bricas de Francia, SEARS, Muebles Placencia, y dentro del sector de hospitalidad: Arquitectura de Interiores, Hotel Velas los Cabos con Mel\u00edn Castro, Grupo Ximetr\u00eda, Grupo Vidanta, AHA, Mel\u00eda (Me Cabo), Hoteles Holiday Inn, Crown Plaza, Grupo Fibra Inn, Camino Real, El CID Resort, (ALSEA) Starbucks, Sirloin Stockade, Restaurante Cabbana, Restaurantes Los Arcos (Grupo Los Arcos), ST. Regis, RIU, Paulette, Marina Fiesta Los Cabos, AC Marriot, Staybridge, Iberostar, Loma Alta, Faraway Nantucket, Grupo Rivera.[\/vc_custom_heading][\/vc_column_inner][\/vc_row_inner][\/vc_column][\/vc_row]<\/p>\n","protected":false},"excerpt":{"rendered":"<p>[vc_row row_height_percent=&#8221;0&#8243; override_padding=&#8221;yes&#8221; h_padding=&#8221;2&#8243; top_padding=&#8221;4&#8243; bottom_padding=&#8221;4&#8243; back_color=&#8221;color-xsdn&#8221; overlay_alpha=&#8221;50&#8243; gutter_size=&#8221;3&#8243; column_width_percent=&#8221;100&#8243; shift_y=&#8221;0&#8243; z_index=&#8221;0&#8243; content_parallax=&#8221;0&#8243; uncode_shortcode_id=&#8221;449917&#8243; back_color_type=&#8221;uncode-palette&#8221;][vc_column width=&#8221;1\/1&#8243;][vc_custom_heading heading_semantic=&#8221;h1&#8243; text_size=&#8221;fontsize-338686&#8243; text_weight=&#8221;300&#8243; uncode_shortcode_id=&#8221;195256&#8243;]Qui\u00e9nes [&hellip;]<\/p>\n","protected":false},"author":1,"featured_media":0,"parent":0,"menu_order":0,"comment_status":"closed","ping_status":"closed","template":"","meta":{"footnotes":""},"class_list":["post-145510","page","type-page","status-publish","hentry"],"_links":{"self":[{"href":"https:\/\/www.inddise.com\/inddise\/index.php\/wp-json\/wp\/v2\/pages\/145510","targetHints":{"allow":["GET"]}}],"collection":[{"href":"https:\/\/www.inddise.com\/inddise\/index.php\/wp-json\/wp\/v2\/pages"}],"about":[{"href":"https:\/\/www.inddise.com\/inddise\/index.php\/wp-json\/wp\/v2\/types\/page"}],"author":[{"embeddable":true,"href":"https:\/\/www.inddise.com\/inddise\/index.php\/wp-json\/wp\/v2\/users\/1"}],"replies":[{"embeddable":true,"href":"https:\/\/www.inddise.com\/inddise\/index.php\/wp-json\/wp\/v2\/comments?post=145510"}],"version-history":[{"count":39,"href":"https:\/\/www.inddise.com\/inddise\/index.php\/wp-json\/wp\/v2\/pages\/145510\/revisions"}],"predecessor-version":[{"id":145685,"href":"https:\/\/www.inddise.com\/inddise\/index.php\/wp-json\/wp\/v2\/pages\/145510\/revisions\/145685"}],"wp:attachment":[{"href":"https:\/\/www.inddise.com\/inddise\/index.php\/wp-json\/wp\/v2\/media?parent=145510"}],"curies":[{"name":"wp","href":"https:\/\/api.w.org\/{rel}","templated":true}]}}