{"id":145173,"date":"2025-03-09T01:07:11","date_gmt":"2025-03-09T01:07:11","guid":{"rendered":"https:\/\/www.inddise.com\/inddise\/?page_id=145173"},"modified":"2025-11-02T01:09:44","modified_gmt":"2025-11-02T01:09:44","slug":"inicio","status":"publish","type":"page","link":"https:\/\/www.inddise.com\/inddise\/","title":{"rendered":"Inicio"},"content":{"rendered":"<p>[vc_row row_height_percent=&#8221;100&#8243; override_padding=&#8221;yes&#8221; h_padding=&#8221;2&#8243; top_padding=&#8221;5&#8243; bottom_padding=&#8221;5&#8243; back_color=&#8221;color-nhtu&#8221; back_image=&#8221;145111&#8243; overlay_color=&#8221;color-nhtu&#8221; overlay_alpha=&#8221;10&#8243; gutter_size=&#8221;3&#8243; column_width_percent=&#8221;100&#8243; shift_y=&#8221;0&#8243; z_index=&#8221;0&#8243; enable_bottom_divider=&#8221;default&#8221; bottom_divider=&#8221;gradient&#8221; shape_bottom_h_use_pixel=&#8221;true&#8221; shape_bottom_height_percent=&#8221;100&#8243; shape_bottom_color=&#8221;color-nhtu&#8221; shape_bottom_opacity=&#8221;100&#8243; shape_bottom_index=&#8221;0&#8243; content_parallax=&#8221;0&#8243; uncode_shortcode_id=&#8221;795833&#8243; back_color_type=&#8221;uncode-palette&#8221; shape_bottom_color_type=&#8221;uncode-palette&#8221; overlay_color_type=&#8221;uncode-palette&#8221;][vc_column column_width_use_pixel=&#8221;yes&#8221; position_vertical=&#8221;middle&#8221; align_horizontal=&#8221;align_center&#8221; gutter_size=&#8221;2&#8243; style=&#8221;dark&#8221; overlay_alpha=&#8221;50&#8243; shift_x=&#8221;0&#8243; shift_y=&#8221;0&#8243; shift_y_down=&#8221;0&#8243; z_index=&#8221;0&#8243; medium_width=&#8221;0&#8243; mobile_width=&#8221;0&#8243; css_animation=&#8221;bottom-t-top&#8221; width=&#8221;1\/1&#8243; uncode_shortcode_id=&#8221;965219&#8243; column_width_pixel=&#8221;900&#8243;][vc_row_inner limit_content=&#8221;&#8221;][vc_column_inner column_width_percent=&#8221;100&#8243; align_horizontal=&#8221;align_center&#8221; gutter_size=&#8221;2&#8243; style=&#8221;dark&#8221; overlay_alpha=&#8221;50&#8243; shift_x=&#8221;0&#8243; shift_y=&#8221;0&#8243; shift_y_down=&#8221;0&#8243; z_index=&#8221;0&#8243; medium_width=&#8221;0&#8243; mobile_width=&#8221;0&#8243; width=&#8221;1\/1&#8243; uncode_shortcode_id=&#8221;205085&#8243;][vc_column_text uncode_shortcode_id=&#8221;159615&#8243;]<\/p>\n<h2><span class=\"font-787672\">Gracias por su preferencia por<span style=\"color: #f5b70c;\"><em> 50 a\u00f1os.<\/em><\/span><\/span><\/h2>\n<p>[\/vc_column_text][vc_custom_heading text_font=&#8221;font-136269&#8243; text_size=&#8221;custom&#8221; text_weight=&#8221;500&#8243; css_animation=&#8221;curtain-words&#8221; animation_speed=&#8221;1000&#8243; title=&#8221;&#8221; uncode_shortcode_id=&#8221;922058&#8243; heading_custom_size=&#8221;clamp(40px,6vw,75px)&#8221;]Contract Furniture<span class=\"split-word uncode-rotating-span uncode-rotating-text-start\" data-text=\"Restaurantes|Hospitales|Residencial|Proyectos especiales|Muebles de exterior|Dise\u00f1os a la medida| Hoteles\" data-fx=\"zoom\" data-wait=\"1500\">&nbsp;<\/span><span class=\"split-word word1\"><span class=\"split-word-flow\"><span class=\"split-word-inner split-empty-inner\"><span class=\"split-word-empty\">&nbsp;<\/span><span class=\"split-char char153\">H<\/span><span class=\"split-char char154\">o<\/span><span class=\"split-char char155\">t<\/span><span class=\"split-char char156\">e<\/span><span class=\"split-char char157\">l<\/span><span class=\"split-char char158\">e<\/span><span class=\"split-char char159\">s<\/span><\/span><\/span><\/span><span class=\"split-word uncode-rotating-span uncode-rotating-text-end\">&nbsp;<\/span>[\/vc_custom_heading][vc_custom_heading text_font=&#8221;font-136269&#8243; text_size=&#8221;h3&#8243; text_weight=&#8221;400&#8243; css_animation=&#8221;curtain&#8221; animation_speed=&#8221;1000&#8243; animation_delay=&#8221;400&#8243; title=&#8221;&#8221; uncode_shortcode_id=&#8221;271720&#8243;]Fabricamos sobre dise\u00f1o con materiales modernos e innovadores.[\/vc_custom_heading][vc_empty_space][vc_button button_color=&#8221;color-147748&#8243; radius=&#8221;btn-circle&#8221; hover_fx=&#8221;full-colored&#8221; text_skin=&#8221;yes&#8221; custom_typo=&#8221;yes&#8221; font_family=&#8221;font-136269&#8243; font_weight=&#8221;500&#8243; border_width=&#8221;0&#8243; scale_mobile=&#8221;no&#8221; css_animation=&#8221;bottom-t-top&#8221; animation_speed=&#8221;1000&#8243; link=&#8221;url:https%3A%2F%2Fwa.link%2F8cwvaz|target:_blank&#8221; uncode_shortcode_id=&#8221;116399&#8243; button_color_type=&#8221;uncode-palette&#8221;]Cont\u00e1ctanos[\/vc_button][\/vc_column_inner][\/vc_row_inner][\/vc_column][\/vc_row][vc_row row_height_percent=&#8221;0&#8243; override_padding=&#8221;yes&#8221; h_padding=&#8221;2&#8243; top_padding=&#8221;5&#8243; bottom_padding=&#8221;5&#8243; overlay_alpha=&#8221;50&#8243; gutter_size=&#8221;4&#8243; column_width_percent=&#8221;100&#8243; shift_y=&#8221;0&#8243; z_index=&#8221;0&#8243; content_parallax=&#8221;0&#8243; uncode_shortcode_id=&#8221;104800&#8243; css=&#8221;.vc_custom_1757888141693{margin-top: -30px !important;}&#8221;][vc_column width=&#8221;1\/1&#8243;][vc_custom_heading text_font=&#8221;font-136269&#8243; text_size=&#8221;h1&#8243; text_height=&#8221;fontheight-357766&#8243; uncode_shortcode_id=&#8221;196768&#8243;]Somos expertos en proyectos de mobiliario para desarrollos residenciales, hoteles, restaurantes, mobiliario exterior, hospitales, proyectos especiales.[\/vc_custom_heading][vc_row_inner][vc_column_inner width=&#8221;2\/3&#8243;][vc_custom_heading heading_semantic=&#8221;h3&#8243; text_font=&#8221;font-136269&#8243; text_size=&#8221;h4&#8243; uncode_shortcode_id=&#8221;130238&#8243;]Dise\u00f1os a la medida, con materiales y acabados para satisfacer los m\u00e1s exigentes est\u00e1ndares de calidad, cont\u00e1ctanos y lo creamos.[\/vc_custom_heading][\/vc_column_inner][vc_column_inner width=&#8221;1\/3&#8243;][vc_icon position=&#8221;left&#8221; space_reduced=&#8221;yes&#8221; title_aligned_icon=&#8221;yes&#8221; icon=&#8221;fa fa-whatsapp&#8221; linked_title=&#8221;yes&#8221; uncode_shortcode_id=&#8221;745830&#8243; title=&#8221;33 1242 6941&#8243; link=&#8221;url:https%3A%2F%2Fwa.link%2F8cwvaz|target:_blank&#8221;][\/vc_icon][\/vc_column_inner][\/vc_row_inner][\/vc_column][\/vc_row][vc_row unlock_row_content=&#8221;yes&#8221; row_height_percent=&#8221;0&#8243; override_padding=&#8221;yes&#8221; h_padding=&#8221;0&#8243; top_padding=&#8221;0&#8243; bottom_padding=&#8221;0&#8243; back_color=&#8221;color-wayh&#8221; overlay_alpha=&#8221;50&#8243; gutter_size=&#8221;0&#8243; column_width_percent=&#8221;100&#8243; shift_y=&#8221;0&#8243; z_index=&#8221;0&#8243; enable_bottom_divider=&#8221;default&#8221; bottom_divider=&#8221;step&#8221; shape_bottom_h_use_pixel=&#8221;true&#8221; shape_bottom_height_percent=&#8221;50&#8243; shape_bottom_color=&#8221;color-wayh&#8221; shape_bottom_opacity=&#8221;100&#8243; shape_bottom_index=&#8221;0&#8243; content_parallax=&#8221;1&#8243; uncode_shortcode_id=&#8221;143527&#8243; back_color_type=&#8221;uncode-palette&#8221; el_class=&#8221;overflow-hidden&#8221; shape_bottom_color_type=&#8221;uncode-palette&#8221;][vc_column column_width_percent=&#8221;100&#8243; gutter_size=&#8221;4&#8243; overlay_alpha=&#8221;50&#8243; shift_x=&#8221;0&#8243; shift_y=&#8221;0&#8243; shift_y_down=&#8221;0&#8243; z_index=&#8221;0&#8243; medium_width=&#8221;0&#8243; mobile_width=&#8221;0&#8243; width=&#8221;1\/1&#8243; uncode_shortcode_id=&#8221;504513&#8243;][uncode_index el_id=&#8221;index-283377554-5269&#8243; loop=&#8221;size:6|order_by:title|post_type:portfolio|taxonomy_count:10&#8243; style_preset=&#8221;metro&#8221; screen_lg=&#8221;1000&#8243; screen_md=&#8221;600&#8243; screen_sm=&#8221;480&#8243; gutter_size=&#8221;0&#8243; post_items=&#8221;media|featured|onpost|poster,date,title,text|excerpt|150,sep-one|full,extra&#8221; portfolio_items=&#8221;title,media|featured|onpost|original&#8221; single_text=&#8221;overlay&#8221; single_width=&#8221;3&#8243; single_height=&#8221;3&#8243; single_overlay_color=&#8221;color-jevc&#8221; single_overlay_opacity=&#8221;10&#8243; single_overlay_anim=&#8221;no&#8221; single_text_visible=&#8221;yes&#8221; single_text_anim=&#8221;no&#8221; single_image_magnetic=&#8221;yes&#8221; single_v_position=&#8221;bottom&#8221; single_padding=&#8221;2&#8243; single_title_dimension=&#8221;h5&#8243; single_border=&#8221;yes&#8221; single_css_animation=&#8221;bottom-t-top&#8221; single_animation_speed=&#8221;1000&#8243; post_matrix=&#8221;matrix&#8221; matrix_amount=&#8221;3&#8243; no_double_tap=&#8221;yes&#8221; custom_cursor=&#8221;accent&#8221; cursor_title=&#8221;yes&#8221; hide_title_tooltip=&#8221;mobile&#8221; cursor_title_boing=&#8221;yes&#8221; matrix_items=&#8221;eyIwX2kiOnsic2luZ2xlX3dpZHRoIjoiNiIsInNpbmdsZV9oZWlnaHQiOiI2In19&#8243; uncode_shortcode_id=&#8221;742786&#8243; tooltip_class=&#8221;font-955596 h3 font-weight-600&#8243;][\/vc_column][\/vc_row][vc_row row_height_percent=&#8221;0&#8243; override_padding=&#8221;yes&#8221; h_padding=&#8221;2&#8243; top_padding=&#8221;4&#8243; bottom_padding=&#8221;6&#8243; back_color=&#8221;color-xsdn&#8221; overlay_alpha=&#8221;50&#8243; gutter_size=&#8221;4&#8243; column_width_percent=&#8221;100&#8243; shift_y=&#8221;0&#8243; z_index=&#8221;1&#8243; bottom_divider=&#8221;step_3_4&#8243; content_parallax=&#8221;0&#8243; uncode_shortcode_id=&#8221;847014&#8243; back_color_type=&#8221;uncode-palette&#8221; row_name=&#8221;intro&#8221;][vc_column column_width_percent=&#8221;100&#8243; gutter_size=&#8221;4&#8243; overlay_alpha=&#8221;50&#8243; shift_x=&#8221;0&#8243; shift_y=&#8221;0&#8243; shift_y_down=&#8221;0&#8243; z_index=&#8221;0&#8243; medium_width=&#8221;0&#8243; mobile_width=&#8221;0&#8243; css_animation=&#8221;alpha-anim&#8221; animation_speed=&#8221;1000&#8243; width=&#8221;1\/1&#8243; uncode_shortcode_id=&#8221;499678&#8243;][vc_row_inner row_inner_height_percent=&#8221;0&#8243; overlay_alpha=&#8221;50&#8243; gutter_size=&#8221;4&#8243; shift_y=&#8221;0&#8243; z_index=&#8221;0&#8243; limit_content=&#8221;&#8221;][vc_column_inner column_width_percent=&#8221;100&#8243; gutter_size=&#8221;2&#8243; font_family=&#8221;font-955596&#8243; overlay_alpha=&#8221;50&#8243; shift_x=&#8221;0&#8243; shift_y=&#8221;0&#8243; shift_y_down=&#8221;0&#8243; z_index=&#8221;0&#8243; medium_width=&#8221;0&#8243; mobile_width=&#8221;0&#8243; width=&#8221;1\/3&#8243; uncode_shortcode_id=&#8221;162874&#8243;][vc_custom_heading text_color=&#8221;accent&#8221; heading_semantic=&#8221;h3&#8243; text_font=&#8221;font-955596&#8243; text_size=&#8221;h3&#8243; text_weight=&#8221;600&#8243; uncode_shortcode_id=&#8221;192109&#8243; text_color_type=&#8221;uncode-palette&#8221;]Somos Fabricantes[\/vc_custom_heading][vc_column_text text_lead=&#8221;yes&#8221; text_color=&#8221;color-wvjs&#8221; uncode_shortcode_id=&#8221;192482&#8243; text_color_type=&#8221;uncode-palette&#8221;]<\/p>\n<p style=\"text-align: justify;\">Cumplimos puntualmente con los plazos de realizaci\u00f3n y entrega acordados, sin trato con intermediarios.<\/p>\n<p>[\/vc_column_text][\/vc_column_inner][vc_column_inner column_width_percent=&#8221;100&#8243; gutter_size=&#8221;2&#8243; font_family=&#8221;font-955596&#8243; overlay_alpha=&#8221;50&#8243; shift_x=&#8221;0&#8243; shift_y=&#8221;0&#8243; shift_y_down=&#8221;0&#8243; z_index=&#8221;0&#8243; medium_width=&#8221;0&#8243; mobile_width=&#8221;0&#8243; width=&#8221;1\/3&#8243; uncode_shortcode_id=&#8221;849330&#8243;][vc_custom_heading text_color=&#8221;accent&#8221; heading_semantic=&#8221;h3&#8243; text_font=&#8221;font-955596&#8243; text_size=&#8221;h3&#8243; text_weight=&#8221;600&#8243; uncode_shortcode_id=&#8221;291775&#8243; text_color_type=&#8221;uncode-palette&#8221;]Somos expertos[\/vc_custom_heading][vc_column_text text_lead=&#8221;yes&#8221; uncode_shortcode_id=&#8221;138439&#8243;]<\/p>\n<p style=\"text-align: justify;\">Nuestra empresa tiene una trayectoria de 50 a\u00f1os, iniciamos como empresa familiar con una historia de m\u00e1s de 100 a\u00f1os.<\/p>\n<p>[\/vc_column_text][\/vc_column_inner][vc_column_inner column_width_percent=&#8221;100&#8243; gutter_size=&#8221;2&#8243; font_family=&#8221;font-955596&#8243; overlay_alpha=&#8221;50&#8243; shift_x=&#8221;0&#8243; shift_y=&#8221;0&#8243; shift_y_down=&#8221;0&#8243; z_index=&#8221;0&#8243; medium_width=&#8221;0&#8243; mobile_width=&#8221;0&#8243; width=&#8221;1\/3&#8243; uncode_shortcode_id=&#8221;198068&#8243;][vc_custom_heading text_color=&#8221;accent&#8221; heading_semantic=&#8221;h3&#8243; text_font=&#8221;font-955596&#8243; text_size=&#8221;h3&#8243; text_weight=&#8221;600&#8243; uncode_shortcode_id=&#8221;196028&#8243; text_color_type=&#8221;uncode-palette&#8221;]Nuestra Planta[\/vc_custom_heading][vc_column_text text_lead=&#8221;yes&#8221; uncode_shortcode_id=&#8221;118404&#8243;]<\/p>\n<p style=\"text-align: justify;\">Dentro una superficie de m\u00e1s de 4,000 mts. cuadrados, contamos con la maquinaria y el equipo de expertos en dise\u00f1o, tapicer\u00eda y ebanister\u00eda.<\/p>\n<p>[\/vc_column_text][\/vc_column_inner][\/vc_row_inner][\/vc_column][\/vc_row][vc_row row_height_percent=&#8221;0&#8243; override_padding=&#8221;yes&#8221; h_padding=&#8221;2&#8243; top_padding=&#8221;3&#8243; bottom_padding=&#8221;3&#8243; back_color=&#8221;color-xsdn&#8221; overlay_alpha=&#8221;100&#8243; gutter_size=&#8221;3&#8243; column_width_percent=&#8221;100&#8243; border_color=&#8221;color-gyho&#8221; border_style=&#8221;solid&#8221; shift_y=&#8221;0&#8243; z_index=&#8221;0&#8243; bottom_divider=&#8221;flow&#8221; uncode_shortcode_id=&#8221;102142&#8243; back_color_type=&#8221;uncode-palette&#8221; border_color_type=&#8221;uncode-palette&#8221; css=&#8221;.vc_custom_1621016560685{border-top-width: 1px !important;}&#8221;][vc_column column_width_percent=&#8221;100&#8243; align_horizontal=&#8221;align_center&#8221; gutter_size=&#8221;4&#8243; overlay_alpha=&#8221;100&#8243; shift_x=&#8221;0&#8243; shift_y=&#8221;0&#8243; shift_y_down=&#8221;0&#8243; z_index=&#8221;0&#8243; medium_width=&#8221;0&#8243; mobile_width=&#8221;0&#8243; zoom_width=&#8221;0&#8243; zoom_height=&#8221;0&#8243; width=&#8221;1\/1&#8243;][vc_custom_heading text_color=&#8221;accent&#8221; heading_semantic=&#8221;h3&#8243; text_font=&#8221;font-955596&#8243; text_size=&#8221;h3&#8243; text_weight=&#8221;600&#8243; uncode_shortcode_id=&#8221;123742&#8243; text_color_type=&#8221;uncode-palette&#8221;]Nuestros clientes[\/vc_custom_heading][vc_gallery el_id=&#8221;gallery-234564&#8243; type=&#8221;linear&#8221; medias=&#8221;145304,145305,145306,145308,145309,145310,145311&#8243; gutter_size=&#8221;5&#8243; linear_width=&#8221;clamp(100px, 8vw, 135px)&#8221; linear_speed=&#8221;-1&#8243; linear_hover=&#8221;yes&#8221; draggable=&#8221;yes&#8221; media_items=&#8221;media|custom_link|original&#8221; css_grid_images_size=&#8221;two-one&#8221; single_overlay_opacity=&#8221;50&#8243; single_overlay_anim=&#8221;no&#8221; single_text_anim=&#8221;no&#8221; single_image_anim=&#8221;no&#8221; single_padding=&#8221;1&#8243; single_border=&#8221;yes&#8221; uncode_shortcode_id=&#8221;142982&#8243; single_link=&#8221;url:%23&#8243;][\/vc_column][\/vc_row][vc_row row_height_percent=&#8221;0&#8243; override_padding=&#8221;yes&#8221; h_padding=&#8221;2&#8243; top_padding=&#8221;5&#8243; bottom_padding=&#8221;5&#8243; back_color=&#8221;color-147748&#8243; overlay_alpha=&#8221;50&#8243; gutter_size=&#8221;3&#8243; column_width_use_pixel=&#8221;yes&#8221; border_color=&#8221;accent&#8221; border_style=&#8221;solid&#8221; shift_y=&#8221;0&#8243; z_index=&#8221;0&#8243; content_parallax=&#8221;0&#8243; column_width_pixel=&#8221;800&#8243; uncode_shortcode_id=&#8221;925444&#8243; back_color_type=&#8221;uncode-palette&#8221; border_color_type=&#8221;uncode-palette&#8221; css=&#8221;.vc_custom_1757889002599{border-top-width: 18px !important;}&#8221;][vc_column column_width_percent=&#8221;100&#8243; align_horizontal=&#8221;align_center&#8221; gutter_size=&#8221;3&#8243; font_family=&#8221;font-136269&#8243; overlay_alpha=&#8221;50&#8243; shift_x=&#8221;0&#8243; shift_y=&#8221;0&#8243; shift_y_down=&#8221;0&#8243; z_index=&#8221;0&#8243; medium_width=&#8221;0&#8243; mobile_width=&#8221;0&#8243; width=&#8221;1\/1&#8243; uncode_shortcode_id=&#8221;783234&#8243;][vc_row_inner limit_content=&#8221;&#8221;][vc_column_inner column_width_use_pixel=&#8221;yes&#8221; align_horizontal=&#8221;align_center&#8221; gutter_size=&#8221;2&#8243; style=&#8221;dark&#8221; overlay_alpha=&#8221;50&#8243; shift_x=&#8221;0&#8243; shift_y=&#8221;0&#8243; shift_y_down=&#8221;0&#8243; z_index=&#8221;0&#8243; medium_width=&#8221;0&#8243; mobile_width=&#8221;0&#8243; width=&#8221;1\/1&#8243; column_width_pixel=&#8221;600&#8243;][vc_custom_heading heading_semantic=&#8221;h1&#8243; text_font=&#8221;font-136269&#8243; text_size=&#8221;h1&#8243; text_weight=&#8221;500&#8243; sub_lead=&#8221;yes&#8221; uncode_shortcode_id=&#8221;115210&#8243;]\u00bfTienes un proyecto en mente? \u00a1Cont\u00e1ctanos![\/vc_custom_heading][\/vc_column_inner][\/vc_row_inner][vc_row_inner limit_content=&#8221;&#8221;][vc_column_inner column_width_use_pixel=&#8221;yes&#8221; align_horizontal=&#8221;align_center&#8221; gutter_size=&#8221;3&#8243; overlay_alpha=&#8221;50&#8243; shift_x=&#8221;0&#8243; shift_y=&#8221;0&#8243; shift_y_down=&#8221;0&#8243; z_index=&#8221;0&#8243; medium_width=&#8221;0&#8243; mobile_width=&#8221;0&#8243; width=&#8221;1\/1&#8243; column_width_pixel=&#8221;600&#8243; uncode_shortcode_id=&#8221;154882&#8243;][vc_icon position=&#8221;left&#8221; display=&#8221;inline&#8221; icon=&#8221;fa fa-whatsapp&#8221; icon_color=&#8221;color-lxmt&#8221; size=&#8221;fa-2x&#8221; linked_title=&#8221;yes&#8221; uncode_shortcode_id=&#8221;121760&#8243; icon_color_type=&#8221;uncode-palette&#8221; title=&#8221;33 1242 6941&#8243; link=&#8221;url:https%3A%2F%2Fwa.link%2F8cwvaz|target:_blank&#8221;][\/vc_icon][\/vc_column_inner][\/vc_row_inner][\/vc_column][\/vc_row]<\/p>\n","protected":false},"excerpt":{"rendered":"<p>[vc_row row_height_percent=&#8221;100&#8243; override_padding=&#8221;yes&#8221; h_padding=&#8221;2&#8243; top_padding=&#8221;5&#8243; bottom_padding=&#8221;5&#8243; back_color=&#8221;color-nhtu&#8221; back_image=&#8221;145111&#8243; overlay_color=&#8221;color-nhtu&#8221; overlay_alpha=&#8221;10&#8243; gutter_size=&#8221;3&#8243; column_width_percent=&#8221;100&#8243; shift_y=&#8221;0&#8243; z_index=&#8221;0&#8243; enable_bottom_divider=&#8221;default&#8221; bottom_divider=&#8221;gradient&#8221; shape_bottom_h_use_pixel=&#8221;true&#8221; shape_bottom_height_percent=&#8221;100&#8243; shape_bottom_color=&#8221;color-nhtu&#8221; shape_bottom_opacity=&#8221;100&#8243; [&hellip;]<\/p>\n","protected":false},"author":1,"featured_media":0,"parent":0,"menu_order":0,"comment_status":"closed","ping_status":"closed","template":"","meta":{"footnotes":""},"class_list":["post-145173","page","type-page","status-publish","hentry"],"_links":{"self":[{"href":"https:\/\/www.inddise.com\/inddise\/index.php\/wp-json\/wp\/v2\/pages\/145173","targetHints":{"allow":["GET"]}}],"collection":[{"href":"https:\/\/www.inddise.com\/inddise\/index.php\/wp-json\/wp\/v2\/pages"}],"about":[{"href":"https:\/\/www.inddise.com\/inddise\/index.php\/wp-json\/wp\/v2\/types\/page"}],"author":[{"embeddable":true,"href":"https:\/\/www.inddise.com\/inddise\/index.php\/wp-json\/wp\/v2\/users\/1"}],"replies":[{"embeddable":true,"href":"https:\/\/www.inddise.com\/inddise\/index.php\/wp-json\/wp\/v2\/comments?post=145173"}],"version-history":[{"count":40,"href":"https:\/\/www.inddise.com\/inddise\/index.php\/wp-json\/wp\/v2\/pages\/145173\/revisions"}],"predecessor-version":[{"id":145686,"href":"https:\/\/www.inddise.com\/inddise\/index.php\/wp-json\/wp\/v2\/pages\/145173\/revisions\/145686"}],"wp:attachment":[{"href":"https:\/\/www.inddise.com\/inddise\/index.php\/wp-json\/wp\/v2\/media?parent=145173"}],"curies":[{"name":"wp","href":"https:\/\/api.w.org\/{rel}","templated":true}]}}